{"id":1329,"date":"2024-04-22T11:12:08","date_gmt":"2024-04-22T09:12:08","guid":{"rendered":"https:\/\/www.savatico.es\/?page_id=1329"},"modified":"2024-05-20T19:05:58","modified_gmt":"2024-05-20T17:05:58","slug":"nosotros","status":"publish","type":"page","link":"https:\/\/www.savatico.es\/en\/nosotros\/","title":{"rendered":"About us"},"content":{"rendered":"<div data-elementor-type=\"wp-page\" data-elementor-id=\"1329\" class=\"elementor elementor-1329\">\n\t\t\t\t\t\t<section class=\"elementor-section elementor-top-section elementor-element elementor-element-a12117b elementor-section-full_width elementor-section-gap-beside-yes elementor-section-height-default elementor-section-height-default elementor-section-column-vertical-align-stretch\" data-id=\"a12117b\" data-element_type=\"section\" data-e-type=\"section\">\n\t\t\t\t\t\t<div class=\"elementor-container elementor-column-gap-extended\">\n\t\t\t\t\t<div class=\"elementor-column elementor-col-100 elementor-top-column elementor-element elementor-element-8e6e954\" data-id=\"8e6e954\" data-element_type=\"column\" data-e-type=\"column\">\n\t\t\t<div class=\"elementor-widget-wrap elementor-element-populated\">\n\t\t\t\t\t\t<div class=\"elementor-element elementor-element-5803b63 elementor-widget elementor-widget-html\" data-id=\"5803b63\" data-element_type=\"widget\" data-e-type=\"widget\" data-widget_type=\"html.default\">\n\t\t\t\t<div class=\"elementor-widget-container\">\n\t\t\t\t\t<script src=\"https:\/\/cdnjs.cloudflare.com\/ajax\/libs\/jquery\/3.7.0\/jquery.min.js\" integrity=\"sha512-3gJwYpMe3QewGELv8k\/BX9vcqhryRdzRMxVfq6ngyWXwo03GFEzjsUm8Q7RZcHPHksttq7\/GFoxjCVUjkjvPdw==\" crossorigin=\"anonymous\" referrerpolicy=\"no-referrer\"><\/script>\n\n<script>\n\n$( document ).ready(function() {\n    \n    $(\".wifi\").click(function(){\n      setTimeout(function(){\n          $(\".modalCoworking\").addClass(\"modalOn\");\n           $('#page-close-mobile-menu').trigger( \"click\" );\n      },100);\n      setTimeout(function(){\n          $(\".modalView\").removeClass(\"modalOff\");\n      },150);\n      setTimeout(function(){\n          $(\".modalView\").addClass(\"modalVisible\");\n      },200);\n      setTimeout(function(){\n          $(\".modalCoworking\").addClass(\"voila\");\n      },250);\n    });\n    \n    $(\".modalButton\").click(function(){\n      setTimeout(function(){\n          $(\".modalView\").removeClass(\"modalVisible\");\n      },100);\n      setTimeout(function(){\n          $(\".modalView\").addClass(\"modalOff\");\n      },500);\n      setTimeout(function(){\n          $(\".modal1\").removeClass(\"modalOn\");\n          $(\".modal2\").removeClass(\"modalOn\");\n          $(\".modal3\").removeClass(\"modalOn\");\n          $(\".modal4\").removeClass(\"modalOn\");\n          $(\".modal5\").removeClass(\"modalOn\");\n          $(\".modalCoworking\").removeClass(\"modalOn\");\n      },501);\n      setTimeout(function(){\n          $(\".modal1\").removeClass(\"voila\");\n          $(\".modal2\").removeClass(\"voila\");\n          $(\".modal3\").removeClass(\"voila\");\n          $(\".modal4\").removeClass(\"voila\");\n          $(\".modal5\").removeClass(\"voila\");\n          $(\".modalCoworking\").removeClass(\"voila\");\n      },502);\n    });\n});\n    \n<\/script>\n\n<div class=\"modalView modalOff\">\n    \n    <div class=\"modalViewContainer modalCoworking\">\n        <div class=\"modalTittle\">Savatico Wifi:<\/div>\n        <div class=\"modalBody\"><b>NETWORK:<\/b><br> SAVATICO CLIENTES<\/div>\n        <div class=\"modalBody\"><b>PASSWORD:<\/b><br>SAVATICOCLIENTES<\/div>\n        <div class=\"modalButton\" style=\"cursor: pointer;\" >Accept<\/div>\n    <\/div>\n    \n<\/div>\n\n<div class=\"plantKit\">\n    <div class=\"planta planta1 planta1_mod\"><img decoding=\"async\" src=\"https:\/\/www.savatico.es\/wp-content\/uploads\/2023\/08\/plantas_1_1.svg\"><\/div>\n    <div class=\"planta planta2 planta2_mod\"><img decoding=\"async\" src=\"https:\/\/www.savatico.es\/wp-content\/uploads\/2023\/08\/plantas_1_2.svg\"><\/div>\n    <div class=\"planta planta3 planta3_mod\"><img decoding=\"async\" src=\"https:\/\/www.savatico.es\/wp-content\/uploads\/2023\/08\/plantas_2_1.svg\"><\/div>\n    <div class=\"planta planta4 planta4_mod\"><img decoding=\"async\" src=\"https:\/\/www.savatico.es\/wp-content\/uploads\/2023\/08\/plantas_2_2.svg\"><\/div>\n    \n    <div class=\"planta planta1m planta1m_mod\"><img decoding=\"async\" src=\"https:\/\/www.savatico.es\/wp-content\/uploads\/2023\/08\/Plantas_Mobile_1.svg\"><\/div>\n    <div class=\"planta planta2m planta2m_mod\"><img decoding=\"async\" src=\"https:\/\/www.savatico.es\/wp-content\/uploads\/2023\/08\/Plantas_Mobile_2.svg\"><\/div>\n    <div class=\"planta planta3m planta3m_mod\"><img decoding=\"async\" src=\"https:\/\/www.savatico.es\/wp-content\/uploads\/2023\/08\/Plantas_Mobile_3.svg\"><\/div>\n<\/div>\n\n<div class=\"containerSavatico scrollContent fullAncho marginTopMod\">\n    <div class=\"mainSavatico followFlow fullAncho movHelper\" style=\"display: flex;\">\n        <div class=\"sideBig\">\n            <div class=\"contentTextClaim\">\n                <div class=\"tittleClaim\">Sav\u00e1tico?<\/div>\n                <div class=\"textClaim\">\n                    Sabbatical is said of a person who devotes his or her time to rest, or to a different activity than usual.<br><br>\n                    \n                    But, what about Sav\u00e1tico?<br><br><br>\n                    \n                    A restaurant, or something else?\n                    \n                    <\/div>\n            <\/div>\n        <\/div>\n        <div class=\"sideLittle\">\n            <div class=\"imagenPrincipal\">\n                <div class=\"imagenContent\"><\/div>\n            <\/div>\n        <\/div>\n    <\/div>\n<\/div>\n\n\n<div class=\"containerSavatico scrollContent fullAncho marginTopNone\">\n    <div class=\"mainSavatico followFlow fullAncho movHelper\" style=\"display: flex;\">\n        <div class=\"sideFull\">\n            <div class=\"contentFullPath\">\n                <div class=\"textClaimFull\">\n                    \n                    Savatico we are more than an experience or a break;\nwe are open minds ready to savour the exotic, we are restlessness, explorers of the unknown and enjoyers of the familiar,<br><br>\n                    \n                    Savatico will not only be in the restaurant, it will be in your palate, in your mind, in your soul...\n                    \n                    \n                    \n                <\/div>\n            <\/div>\n        <\/div>\n    <\/div>\n<\/div>\n\n<div class=\"containerSavatico scrollContent fullAncho marginTopNone\">\n    <div class=\"mainSavatico followFlow fullAncho movHelper\" style=\"display: flex;\">\n        <div class=\"sideLittle invertedSideLittle\">\n            <div class=\"imagenPrincipal\">\n                <div class=\"imagenContent imagenContentDos\"><\/div>\n            <\/div>\n        <\/div>\n        <div class=\"sideBig invertedSideBig\">\n            <div class=\"contentTextClaim\">\n                <div class=\"textClaim\">And you...<\/div>\n                <div class=\"tittleClaim claimMod\">Are you savatico?<\/div>\n            <\/div>\n            <a href=\"https:\/\/www.savatico.es\/en\/reserva\/\"><div class=\"btnReserve\">Booking table<\/div><\/a>\n        <\/div>\n    <\/div>\n<\/div>\n\n\n\n<script>\n$( document ).ready(function() {\n    $('.page-template-default').addClass('noScroll');\n    \n    $(\".planta1\").removeClass(\"planta1_mod\");\n    $(\".planta2\").removeClass(\"planta2_mod\");\n    $(\".planta3\").removeClass(\"planta3_mod\");\n    $(\".planta4\").removeClass(\"planta4_mod\");\n    \n    $(\".planta1m\").removeClass(\"planta1m_mod\");\n    $(\".planta2m\").removeClass(\"planta2m_mod\");\n    $(\".planta3m\").removeClass(\"planta3m_mod\");\n  \n});\n\n<\/script>\n\n<style>\n.noScroll {\n    overflow: scroll !important;\n}\n\n.plantKit {\n    position: absolute!important;\n    height: auto;\n    width: 100%;\n    right: 0;\n    left: 0;\n    top: 0;\n    bottom: 0;\n    margin: auto;\n    z-index: 1;\n}\n\n<\/style>\n\n\t\t\t\t<\/div>\n\t\t\t\t<\/div>\n\t\t\t\t\t<\/div>\n\t\t<\/div>\n\t\t\t\t\t<\/div>\n\t\t<\/section>\n\t\t\t\t<\/div>","protected":false},"excerpt":{"rendered":"<p>Wifi Savatico: RED: SAVATICO CLIENTES PASSWORD:SAVATICOCLIENTES Aceptar Sav\u00e1tico? Sab\u00e1tico se dice de una persona que dedica su tiempo al descanso, o a una actividad diferente de lo habitual. Pero, \u00bfy Sav\u00e1tico? Un restaurante, \u00bfo algo m\u00e1s? Savatico somos m\u00e1s que una experiencia o un descanso; somos mentes abiertas dispuestas a saborear lo ex\u00f3tico, somos inquietud, exploradores de lo desconocido y disfrutones de lo conocido, Savatico no solo estar\u00e1 en el restaurante, estar\u00e1 en tu paladar, en tu mente, en tu alma&#8230; Y t\u00fa&#8230; Quieres ser Sav\u00e1tico? Haz tu reserva<\/p>","protected":false},"author":1,"featured_media":0,"parent":0,"menu_order":0,"comment_status":"closed","ping_status":"closed","template":"","meta":{"inline_featured_image":false,"footnotes":""},"class_list":["post-1329","page","type-page","status-publish","hentry","post-no-thumbnail"],"yoast_head":"<!-- This site is optimized with the Yoast SEO plugin v27.4 - https:\/\/yoast.com\/product\/yoast-seo-wordpress\/ -->\n<title>Nosotros - SAVATICO<\/title>\n<meta name=\"robots\" content=\"index, follow, max-snippet:-1, max-image-preview:large, max-video-preview:-1\" \/>\n<link rel=\"canonical\" href=\"https:\/\/www.savatico.es\/en\/nosotros\/\" \/>\n<meta property=\"og:locale\" content=\"en_GB\" \/>\n<meta property=\"og:type\" content=\"article\" \/>\n<meta property=\"og:title\" content=\"Nosotros - SAVATICO\" \/>\n<meta property=\"og:description\" content=\"Wifi Savatico: RED: SAVATICO CLIENTES PASSWORD:SAVATICOCLIENTES Aceptar Sav\u00e1tico? Sab\u00e1tico se dice de una persona que dedica su tiempo al descanso, o a una actividad diferente de lo habitual. Pero, \u00bfy Sav\u00e1tico? Un restaurante, \u00bfo algo m\u00e1s? Savatico somos m\u00e1s que una experiencia o un descanso; somos mentes abiertas dispuestas a saborear lo ex\u00f3tico, somos inquietud, exploradores de lo desconocido y disfrutones de lo conocido, Savatico no solo estar\u00e1 en el restaurante, estar\u00e1 en tu paladar, en tu mente, en tu alma&#8230; Y t\u00fa&#8230; Quieres ser Sav\u00e1tico? Haz tu reserva\" \/>\n<meta property=\"og:url\" content=\"https:\/\/www.savatico.es\/en\/nosotros\/\" \/>\n<meta property=\"og:site_name\" content=\"SAVATICO\" \/>\n<meta property=\"article:modified_time\" content=\"2024-05-20T17:05:58+00:00\" \/>\n<meta property=\"og:image\" content=\"https:\/\/www.savatico.es\/wp-content\/uploads\/2023\/08\/plantas_1_1.svg\" \/>\n<meta name=\"twitter:card\" content=\"summary_large_image\" \/>\n<meta name=\"twitter:label1\" content=\"Estimated reading time\" \/>\n\t<meta name=\"twitter:data1\" content=\"2 minutes\" \/>\n<script type=\"application\/ld+json\" class=\"yoast-schema-graph\">{\"@context\":\"https:\\\/\\\/schema.org\",\"@graph\":[{\"@type\":\"WebPage\",\"@id\":\"https:\\\/\\\/www.savatico.es\\\/nosotros\\\/\",\"url\":\"https:\\\/\\\/www.savatico.es\\\/nosotros\\\/\",\"name\":\"Nosotros - SAVATICO\",\"isPartOf\":{\"@id\":\"https:\\\/\\\/www.savatico.es\\\/#website\"},\"primaryImageOfPage\":{\"@id\":\"https:\\\/\\\/www.savatico.es\\\/nosotros\\\/#primaryimage\"},\"image\":{\"@id\":\"https:\\\/\\\/www.savatico.es\\\/nosotros\\\/#primaryimage\"},\"thumbnailUrl\":\"https:\\\/\\\/www.savatico.es\\\/wp-content\\\/uploads\\\/2023\\\/08\\\/plantas_1_1.svg\",\"datePublished\":\"2024-04-22T09:12:08+00:00\",\"dateModified\":\"2024-05-20T17:05:58+00:00\",\"breadcrumb\":{\"@id\":\"https:\\\/\\\/www.savatico.es\\\/nosotros\\\/#breadcrumb\"},\"inLanguage\":\"en-GB\",\"potentialAction\":[{\"@type\":\"ReadAction\",\"target\":[\"https:\\\/\\\/www.savatico.es\\\/nosotros\\\/\"]}]},{\"@type\":\"ImageObject\",\"inLanguage\":\"en-GB\",\"@id\":\"https:\\\/\\\/www.savatico.es\\\/nosotros\\\/#primaryimage\",\"url\":\"https:\\\/\\\/www.savatico.es\\\/wp-content\\\/uploads\\\/2023\\\/08\\\/plantas_1_1.svg\",\"contentUrl\":\"https:\\\/\\\/www.savatico.es\\\/wp-content\\\/uploads\\\/2023\\\/08\\\/plantas_1_1.svg\"},{\"@type\":\"BreadcrumbList\",\"@id\":\"https:\\\/\\\/www.savatico.es\\\/nosotros\\\/#breadcrumb\",\"itemListElement\":[{\"@type\":\"ListItem\",\"position\":1,\"name\":\"Portada\",\"item\":\"https:\\\/\\\/www.savatico.es\\\/\"},{\"@type\":\"ListItem\",\"position\":2,\"name\":\"Nosotros\"}]},{\"@type\":\"WebSite\",\"@id\":\"https:\\\/\\\/www.savatico.es\\\/#website\",\"url\":\"https:\\\/\\\/www.savatico.es\\\/\",\"name\":\"SAVATICO\",\"description\":\"\",\"potentialAction\":[{\"@type\":\"SearchAction\",\"target\":{\"@type\":\"EntryPoint\",\"urlTemplate\":\"https:\\\/\\\/www.savatico.es\\\/?s={search_term_string}\"},\"query-input\":{\"@type\":\"PropertyValueSpecification\",\"valueRequired\":true,\"valueName\":\"search_term_string\"}}],\"inLanguage\":\"en-GB\"}]}<\/script>\n<!-- \/ Yoast SEO plugin. -->","yoast_head_json":{"title":"Nosotros - SAVATICO","robots":{"index":"index","follow":"follow","max-snippet":"max-snippet:-1","max-image-preview":"max-image-preview:large","max-video-preview":"max-video-preview:-1"},"canonical":"https:\/\/www.savatico.es\/en\/nosotros\/","og_locale":"en_GB","og_type":"article","og_title":"Nosotros - SAVATICO","og_description":"Wifi Savatico: RED: SAVATICO CLIENTES PASSWORD:SAVATICOCLIENTES Aceptar Sav\u00e1tico? Sab\u00e1tico se dice de una persona que dedica su tiempo al descanso, o a una actividad diferente de lo habitual. Pero, \u00bfy Sav\u00e1tico? Un restaurante, \u00bfo algo m\u00e1s? Savatico somos m\u00e1s que una experiencia o un descanso; somos mentes abiertas dispuestas a saborear lo ex\u00f3tico, somos inquietud, exploradores de lo desconocido y disfrutones de lo conocido, Savatico no solo estar\u00e1 en el restaurante, estar\u00e1 en tu paladar, en tu mente, en tu alma&#8230; Y t\u00fa&#8230; Quieres ser Sav\u00e1tico? Haz tu reserva","og_url":"https:\/\/www.savatico.es\/en\/nosotros\/","og_site_name":"SAVATICO","article_modified_time":"2024-05-20T17:05:58+00:00","og_image":[{"url":"https:\/\/www.savatico.es\/wp-content\/uploads\/2023\/08\/plantas_1_1.svg","type":"","width":"","height":""}],"twitter_card":"summary_large_image","twitter_misc":{"Estimated reading time":"2 minutes"},"schema":{"@context":"https:\/\/schema.org","@graph":[{"@type":"WebPage","@id":"https:\/\/www.savatico.es\/nosotros\/","url":"https:\/\/www.savatico.es\/nosotros\/","name":"Nosotros - SAVATICO","isPartOf":{"@id":"https:\/\/www.savatico.es\/#website"},"primaryImageOfPage":{"@id":"https:\/\/www.savatico.es\/nosotros\/#primaryimage"},"image":{"@id":"https:\/\/www.savatico.es\/nosotros\/#primaryimage"},"thumbnailUrl":"https:\/\/www.savatico.es\/wp-content\/uploads\/2023\/08\/plantas_1_1.svg","datePublished":"2024-04-22T09:12:08+00:00","dateModified":"2024-05-20T17:05:58+00:00","breadcrumb":{"@id":"https:\/\/www.savatico.es\/nosotros\/#breadcrumb"},"inLanguage":"en-GB","potentialAction":[{"@type":"ReadAction","target":["https:\/\/www.savatico.es\/nosotros\/"]}]},{"@type":"ImageObject","inLanguage":"en-GB","@id":"https:\/\/www.savatico.es\/nosotros\/#primaryimage","url":"https:\/\/www.savatico.es\/wp-content\/uploads\/2023\/08\/plantas_1_1.svg","contentUrl":"https:\/\/www.savatico.es\/wp-content\/uploads\/2023\/08\/plantas_1_1.svg"},{"@type":"BreadcrumbList","@id":"https:\/\/www.savatico.es\/nosotros\/#breadcrumb","itemListElement":[{"@type":"ListItem","position":1,"name":"Portada","item":"https:\/\/www.savatico.es\/"},{"@type":"ListItem","position":2,"name":"Nosotros"}]},{"@type":"WebSite","@id":"https:\/\/www.savatico.es\/#website","url":"https:\/\/www.savatico.es\/","name":"SAVATICO","description":"","potentialAction":[{"@type":"SearchAction","target":{"@type":"EntryPoint","urlTemplate":"https:\/\/www.savatico.es\/?s={search_term_string}"},"query-input":{"@type":"PropertyValueSpecification","valueRequired":true,"valueName":"search_term_string"}}],"inLanguage":"en-GB"}]}},"_links":{"self":[{"href":"https:\/\/www.savatico.es\/en\/wp-json\/wp\/v2\/pages\/1329","targetHints":{"allow":["GET"]}}],"collection":[{"href":"https:\/\/www.savatico.es\/en\/wp-json\/wp\/v2\/pages"}],"about":[{"href":"https:\/\/www.savatico.es\/en\/wp-json\/wp\/v2\/types\/page"}],"author":[{"embeddable":true,"href":"https:\/\/www.savatico.es\/en\/wp-json\/wp\/v2\/users\/1"}],"replies":[{"embeddable":true,"href":"https:\/\/www.savatico.es\/en\/wp-json\/wp\/v2\/comments?post=1329"}],"version-history":[{"count":103,"href":"https:\/\/www.savatico.es\/en\/wp-json\/wp\/v2\/pages\/1329\/revisions"}],"predecessor-version":[{"id":1465,"href":"https:\/\/www.savatico.es\/en\/wp-json\/wp\/v2\/pages\/1329\/revisions\/1465"}],"wp:attachment":[{"href":"https:\/\/www.savatico.es\/en\/wp-json\/wp\/v2\/media?parent=1329"}],"curies":[{"name":"wp","href":"https:\/\/api.w.org\/{rel}","templated":true}]}}