{"id":546,"date":"2023-11-30T21:21:16","date_gmt":"2023-11-30T20:21:16","guid":{"rendered":"https:\/\/www.savatico.es\/?page_id=546"},"modified":"2024-02-15T18:29:10","modified_gmt":"2024-02-15T17:29:10","slug":"coworking","status":"publish","type":"page","link":"https:\/\/www.savatico.es\/en\/coworking\/","title":{"rendered":"Coworking"},"content":{"rendered":"<div data-elementor-type=\"wp-page\" data-elementor-id=\"546\" class=\"elementor elementor-546\">\n\t\t\t\t\t\t<section class=\"elementor-section elementor-top-section elementor-element elementor-element-a12117b elementor-section-boxed elementor-section-gap-beside-yes elementor-section-height-default elementor-section-height-default elementor-section-column-vertical-align-stretch\" data-id=\"a12117b\" data-element_type=\"section\" data-e-type=\"section\">\n\t\t\t\t\t\t<div class=\"elementor-container elementor-column-gap-extended\">\n\t\t\t\t\t<div class=\"elementor-column elementor-col-100 elementor-top-column elementor-element elementor-element-8e6e954\" data-id=\"8e6e954\" data-element_type=\"column\" data-e-type=\"column\">\n\t\t\t<div class=\"elementor-widget-wrap elementor-element-populated\">\n\t\t\t\t\t\t<div class=\"elementor-element elementor-element-5803b63 elementor-widget elementor-widget-html\" data-id=\"5803b63\" data-element_type=\"widget\" data-e-type=\"widget\" data-widget_type=\"html.default\">\n\t\t\t\t<div class=\"elementor-widget-container\">\n\t\t\t\t\t<script src=\"https:\/\/cdnjs.cloudflare.com\/ajax\/libs\/jquery\/3.7.0\/jquery.min.js\" integrity=\"sha512-3gJwYpMe3QewGELv8k\/BX9vcqhryRdzRMxVfq6ngyWXwo03GFEzjsUm8Q7RZcHPHksttq7\/GFoxjCVUjkjvPdw==\" crossorigin=\"anonymous\" referrerpolicy=\"no-referrer\"><\/script>\n\n<script>\n\n$( document ).ready(function() {\n    var pathname = window.location.pathname;\n    var englishTrue =\"\/en\/cartas\/\"\n    var frenchTrue =\"\/fr\/cartas\/\"\n    \n    if (pathname == englishTrue) {\n        \/\/alert(\"English Path\");\n        $(\"#linkCarta1\").attr(\"href\", \"https:\/\/www.savatico.es\/digital\/en\/digital\/carta\/comida\/\");\n        $(\"#linkCarta2\").attr(\"href\", \"https:\/\/www.savatico.es\/digital\/en\/digital\/carta\/bebida\/\");\n        $(\"#linkCarta3\").attr(\"href\", \"https:\/\/www.savatico.es\/digital\/en\/digital\/carta\/combinados\/\");\n        $(\"#linkCarta4\").attr(\"href\", \"https:\/\/www.savatico.es\/digital\/en\/digital\/carta\/vino-champagne\/\");\n        $(\"#linkCarta5\").attr(\"href\", \"https:\/\/www.savatico.es\/digital\/en\/digital\/carta\/alergenos\/\");\n        $(\"#linkCartaFest\").attr(\"href\", \"https:\/\/www.savatico.es\/digital\/carta\/fiestas\/\");\n    }\n    else if (pathname == frenchTrue) {\n        \/\/alert(\"French Path\");\n        $(\"#linkCarta1\").attr(\"href\", \"https:\/\/www.savatico.es\/digital\/fr\/digital\/carta\/comida\/\");\n        $(\"#linkCarta2\").attr(\"href\", \"https:\/\/www.savatico.es\/digital\/fr\/digital\/carta\/bebida\/\");\n        $(\"#linkCarta3\").attr(\"href\", \"https:\/\/www.savatico.es\/digital\/fr\/digital\/carta\/combinados\/\");\n        $(\"#linkCarta4\").attr(\"href\", \"https:\/\/www.savatico.es\/digital\/fr\/digital\/carta\/vino-champagne\/\");\n        $(\"#linkCarta5\").attr(\"href\", \"https:\/\/www.savatico.es\/digital\/fr\/digital\/carta\/alergenos\/\");\n    }\n    else {\n        \/\/alert(\"Spanish Path\");\n        \/\/doNothing\n    }\n    \n    \/\/$(\".btnCarta\").click(function(){\n      \/\/  alert(\"Horario de cocina Savatico:\"+\"\\n\"+\"\\n\"+\"- Lunes a Jueves: 13\/\/-16h y 20-23h\"+\"\\n\"+\"- Viernes y S\u00e1bados: 13-16h y 20-23:30h\");\n    \/\/});\n    \n    $(\".wifi\").click(function(){\n      setTimeout(function(){\n          $(\".modalCoworking\").addClass(\"modalOn\");\n          $('#page-close-mobile-menu').trigger( \"click\" );\n      },100);\n      setTimeout(function(){\n          $(\".modalView\").removeClass(\"modalOff\");\n      },150);\n      setTimeout(function(){\n          $(\".modalView\").addClass(\"modalVisible\");\n      },200);\n      setTimeout(function(){\n          $(\".modalCoworking\").addClass(\"voila\");\n      },250);\n    });\n    \n    $(\".btn5\").click(function(){\n      setTimeout(function(){\n          $(\".modal5\").addClass(\"modalOn\");\n      },100);\n      setTimeout(function(){\n          $(\".modalView\").removeClass(\"modalOff\");\n      },150);\n      setTimeout(function(){\n          $(\".modalView\").addClass(\"modalVisible\");\n      },200);\n      setTimeout(function(){\n          $(\".modal5\").addClass(\"voila\");\n      },250);\n    });\n    \n    $(\".btn4\").click(function(){\n      setTimeout(function(){\n          $(\".modal4\").addClass(\"modalOn\");\n      },100);\n      setTimeout(function(){\n          $(\".modalView\").removeClass(\"modalOff\");\n      },150);\n      setTimeout(function(){\n          $(\".modalView\").addClass(\"modalVisible\");\n      },200);\n      setTimeout(function(){\n          $(\".modal4\").addClass(\"voila\");\n      },250);\n    });\n    \n    $(\".btn3\").click(function(){\n      setTimeout(function(){\n          $(\".modal3\").addClass(\"modalOn\");\n      },100);\n      setTimeout(function(){\n          $(\".modalView\").removeClass(\"modalOff\");\n      },150);\n      setTimeout(function(){\n          $(\".modalView\").addClass(\"modalVisible\");\n      },200);\n      setTimeout(function(){\n          $(\".modal3\").addClass(\"voila\");\n      },250);\n    });\n    \n    $(\".btn2\").click(function(){\n      setTimeout(function(){\n          $(\".modal2\").addClass(\"modalOn\");\n      },100);\n      setTimeout(function(){\n          $(\".modalView\").removeClass(\"modalOff\");\n      },150);\n      setTimeout(function(){\n          $(\".modalView\").addClass(\"modalVisible\");\n      },200);\n      setTimeout(function(){\n          $(\".modal2\").addClass(\"voila\");\n      },250);\n    });\n    \n    $(\".btn1\").click(function(){\n      setTimeout(function(){\n          $(\".modal1\").addClass(\"modalOn\");\n      },100);\n      setTimeout(function(){\n          $(\".modalView\").removeClass(\"modalOff\");\n      },150);\n      setTimeout(function(){\n          $(\".modalView\").addClass(\"modalVisible\");\n      },200);\n      setTimeout(function(){\n          $(\".modal1\").addClass(\"voila\");\n      },250);\n    });\n    \n    $(\".btnMember\").click(function(){\n      setTimeout(function(){\n          $(\".botonera\").addClass(\"bye\");\n          $(\".iframeMembers\").addClass(\"memberDisplayBlock\");\n      },100);\n      setTimeout(function(){\n          $(\".iframeMembers\").removeClass(\"memberOff\");\n      },150);\n    });\n    \n    $(\".modalButton\").click(function(){\n      setTimeout(function(){\n          $(\".modalView\").removeClass(\"modalVisible\");\n      },100);\n      setTimeout(function(){\n          $(\".modalView\").addClass(\"modalOff\");\n      },500);\n      setTimeout(function(){\n          $(\".modal1\").removeClass(\"modalOn\");\n          $(\".modal2\").removeClass(\"modalOn\");\n          $(\".modal3\").removeClass(\"modalOn\");\n          $(\".modal4\").removeClass(\"modalOn\");\n          $(\".modal5\").removeClass(\"modalOn\");\n          $(\".modalCoworking\").removeClass(\"modalOn\");\n      },501);\n      setTimeout(function(){\n          $(\".modal1\").removeClass(\"voila\");\n          $(\".modal2\").removeClass(\"voila\");\n          $(\".modal3\").removeClass(\"voila\");\n          $(\".modal4\").removeClass(\"voila\");\n          $(\".modal5\").removeClass(\"voila\");\n          $(\".modalCoworking\").removeClass(\"voila\");\n      },502);\n    });\n    \n    $(\".modalButton\").click(function(){\n      setTimeout(function(){\n          $(\".modalView\").removeClass(\"modalVisible\");\n      },100);\n      setTimeout(function(){\n          $(\".modalView\").addClass(\"modalOff\");\n      },500);\n      setTimeout(function(){\n          $(\".modal1\").removeClass(\"modalOn\");\n          $(\".modal2\").removeClass(\"modalOn\");\n          $(\".modal3\").removeClass(\"modalOn\");\n          $(\".modal4\").removeClass(\"modalOn\");\n          $(\".modal5\").removeClass(\"modalOn\");\n          $(\".modalCoworking\").removeClass(\"modalOn\");\n      },501);\n      setTimeout(function(){\n          $(\".modal1\").removeClass(\"voila\");\n          $(\".modal2\").removeClass(\"voila\");\n          $(\".modal3\").removeClass(\"voila\");\n          $(\".modal4\").removeClass(\"voila\");\n          $(\".modal5\").removeClass(\"voila\");\n          $(\".modalCoworking\").removeClass(\"voila\");\n      },502);\n    });\n});\n    \n<\/script>\n\n<h1 class=\"tittleMain\">Coworking<\/h1>\n\n<div class=\"modalView modalOff\">\n    <div class=\"modalViewContainer modal1\">\n        <div class=\"modalTittle\">Horario Coworking:<\/div>\n        <div class=\"modalBody\"><b>- Lunes a Jueves:<\/b><br>De 16:30h - 20:30h<\/div>\n        <div class=\"modalBody\" style=\"display: none;\"><b>- Viernes y S\u00e1bados:<\/b><br> 13-16h y 20-23:30h<\/div>\n        <a id=\"linkCarta5\" href=\"https:\/\/www.savatico.es\/en\/digital\/carta\/coworking\/\" target=\"_blank\"><div class=\"modalButton\">Accept<\/div><\/a>\n    <\/div>\n    \n    <div class=\"modalViewContainer modal2\">\n        <div class=\"modalTittle\">Horario Cocina:<\/div>\n        <div class=\"modalBody\"><b>- Lunes a Jueves:<\/b><br> 13-16h y 20-23h<\/div>\n        <div class=\"modalBody\"><b>- Viernes y S\u00e1bados:<\/b><br> 13-16h y 20-23:30h<\/div>\n        <a id=\"linkCarta2\" href=\"https:\/\/www.savatico.es\/en\/digital\/carta\/bebida\/\" target=\"_blank\"><div class=\"modalButton\">Accept<\/div><\/a>\n    <\/div>\n    \n    <div class=\"modalViewContainer modal3\">\n        <div class=\"modalTittle\">Horario Cocina:<\/div>\n        <div class=\"modalBody\"><b>- Lunes a Jueves:<\/b><br> 13-16h y 20-23h<\/div>\n        <div class=\"modalBody\"><b>- Viernes y S\u00e1bados:<\/b><br> 13-16h y 20-23:30h<\/div>\n        <a id=\"linkCarta3\" href=\"https:\/\/www.savatico.es\/en\/digital\/carta\/combinados\/\" target=\"_blank\"><div class=\"modalButton\">Accept<\/div><\/a>\n    <\/div>\n    \n    <div class=\"modalViewContainer modal4\">\n        <div class=\"modalTittle\">Horario Cocina:<\/div>\n        <div class=\"modalBody\"><b>- Lunes a Jueves:<\/b><br> 13-16h y 20-23h<\/div>\n        <div class=\"modalBody\"><b>- Viernes y S\u00e1bados:<\/b><br> 13-16h y 20-23:30h<\/div>\n        <a id=\"linkCarta4\" href=\"https:\/\/www.savatico.es\/en\/digital\/carta\/vino-champagne\/\" target=\"_blank\"><div class=\"modalButton\">Accept<\/div><\/a>\n    <\/div>\n    \n    <div class=\"modalViewContainer modal5\">\n        <div class=\"modalTittle\">Horario Cocina:<\/div>\n        <div class=\"modalBody\"><b>- Lunes a Jueves:<\/b><br> 13-16h y 20-23h<\/div>\n        <div class=\"modalBody\"><b>- Viernes y S\u00e1bados:<\/b><br> 13-16h y 20-23:30h<\/div>\n        <a id=\"linkCarta5\" href=\"https:\/\/www.savatico.es\/en\/digital\/carta\/alergenos\/\" target=\"_blank\"><div class=\"modalButton\">Accept<\/div><\/a>\n    <\/div>\n    \n    <div class=\"modalViewContainer modalCoworking\">\n        <div class=\"modalTittle\">Savatico Wifi:<\/div>\n        <div class=\"modalBody\"><b>NETWORK:<\/b><br> SAVATICO CLIENTES<\/div>\n        <div class=\"modalBody\"><b>PASSWORD:<\/b><br>SAVATICOCLIENTES<\/div>\n        <div class=\"modalButton\" style=\"cursor: pointer;\" >Accept<\/div>\n    <\/div>\n    \n<\/div>\n\n\n<div class=\"plantKit\">\n    <div class=\"planta planta1 planta1_mod\"><img decoding=\"async\" src=\"https:\/\/www.savatico.es\/wp-content\/uploads\/2023\/08\/plantas_1_1.svg\"><\/div>\n    <div class=\"planta planta2 planta2_mod\"><img decoding=\"async\" src=\"https:\/\/www.savatico.es\/wp-content\/uploads\/2023\/08\/plantas_1_2.svg\"><\/div>\n    <div class=\"planta planta3 planta3_mod\"><img decoding=\"async\" src=\"https:\/\/www.savatico.es\/wp-content\/uploads\/2023\/08\/plantas_2_1.svg\"><\/div>\n    <div class=\"planta planta4 planta4_mod\"><img decoding=\"async\" src=\"https:\/\/www.savatico.es\/wp-content\/uploads\/2023\/08\/plantas_2_2.svg\"><\/div>\n    \n    <div class=\"planta planta1m planta1m_mod\"><img decoding=\"async\" src=\"https:\/\/www.savatico.es\/wp-content\/uploads\/2023\/08\/Plantas_Mobile_1.svg\"><\/div>\n    <div class=\"planta planta2m planta2m_mod\"><img decoding=\"async\" src=\"https:\/\/www.savatico.es\/wp-content\/uploads\/2023\/08\/Plantas_Mobile_2.svg\"><\/div>\n    <div class=\"planta planta3m planta3m_mod\"><img decoding=\"async\" src=\"https:\/\/www.savatico.es\/wp-content\/uploads\/2023\/08\/Plantas_Mobile_3.svg\"><\/div>\n<\/div>\n\n<div class=\"containerSavatico botonera\">\n    <div class=\"mainSavatico\">\n        <div class=\"btnScheme btnCarta btn1\">Carta Coworking<\/div>\n        <div class=\"btnScheme btnCarta btnMember\" style=\"display: none;\">Hazte Miembro<\/div>\n    <\/div>\n<\/div>\n\n<div class=\"containerSavatico iframeMembers memberOff\">\n    <div class=\"mainSavatico\">\n        <div class=\"iframeHolderReservas\" style=\"overflow: scroll; top: 50px; position: relative; max-height: 550px;\">\n            <script src=\"https:\/\/www.fourvenues.com\/assets\/iframe\/savatico\/\"><\/script>\n        <\/div>\n    <\/div>\n<\/div>\n\n<script>\n$( document ).ready(function() {\n    $('.page-template-default').addClass('noScroll');\n    \n    $(\".planta1\").removeClass(\"planta1_mod\");\n    $(\".planta2\").removeClass(\"planta2_mod\");\n    $(\".planta3\").removeClass(\"planta3_mod\");\n    $(\".planta4\").removeClass(\"planta4_mod\");\n    \n    $(\".planta1m\").removeClass(\"planta1m_mod\");\n    $(\".planta2m\").removeClass(\"planta2m_mod\");\n    $(\".planta3m\").removeClass(\"planta3m_mod\");\n  \n});\n\n<\/script>\t\t\t\t<\/div>\n\t\t\t\t<\/div>\n\t\t\t\t\t<\/div>\n\t\t<\/div>\n\t\t\t\t\t<\/div>\n\t\t<\/section>\n\t\t\t\t<\/div>","protected":false},"excerpt":{"rendered":"<p>Coworking Horario Coworking: &#8211; Lunes a Jueves:De 16:30h &#8211; 20:30h &#8211; Viernes y S\u00e1bados: 13-16h y 20-23:30h Aceptar Horario Cocina: &#8211; Lunes a Jueves: 13-16h y 20-23h &#8211; Viernes y S\u00e1bados: 13-16h y 20-23:30h Aceptar Horario Cocina: &#8211; Lunes a Jueves: 13-16h y 20-23h &#8211; Viernes y S\u00e1bados: 13-16h y 20-23:30h Aceptar Horario Cocina: &#8211; Lunes a Jueves: 13-16h y 20-23h &#8211; Viernes y S\u00e1bados: 13-16h y 20-23:30h Aceptar Horario Cocina: &#8211; Lunes a Jueves: 13-16h y 20-23h &#8211; Viernes y S\u00e1bados: 13-16h y 20-23:30h Aceptar Wifi Savatico: RED: SAVATICO CLIENTES PASSWORD:SAVATICOCLIENTES Aceptar Carta Coworking Hazte Miembro<\/p>","protected":false},"author":1,"featured_media":0,"parent":0,"menu_order":0,"comment_status":"closed","ping_status":"closed","template":"","meta":{"inline_featured_image":false,"footnotes":""},"class_list":["post-546","page","type-page","status-publish","hentry","post-no-thumbnail"],"yoast_head":"<!-- This site is optimized with the Yoast SEO plugin v27.5 - https:\/\/yoast.com\/product\/yoast-seo-wordpress\/ -->\n<title>Coworking - SAVATICO<\/title>\n<meta name=\"robots\" content=\"index, follow, max-snippet:-1, max-image-preview:large, max-video-preview:-1\" \/>\n<link rel=\"canonical\" href=\"https:\/\/www.savatico.es\/en\/coworking\/\" \/>\n<meta property=\"og:locale\" content=\"en_GB\" \/>\n<meta property=\"og:type\" content=\"article\" \/>\n<meta property=\"og:title\" content=\"Coworking - SAVATICO\" \/>\n<meta property=\"og:description\" content=\"Coworking Horario Coworking: &#8211; Lunes a Jueves:De 16:30h &#8211; 20:30h &#8211; Viernes y S\u00e1bados: 13-16h y 20-23:30h Aceptar Horario Cocina: &#8211; Lunes a Jueves: 13-16h y 20-23h &#8211; Viernes y S\u00e1bados: 13-16h y 20-23:30h Aceptar Horario Cocina: &#8211; Lunes a Jueves: 13-16h y 20-23h &#8211; Viernes y S\u00e1bados: 13-16h y 20-23:30h Aceptar Horario Cocina: &#8211; Lunes a Jueves: 13-16h y 20-23h &#8211; Viernes y S\u00e1bados: 13-16h y 20-23:30h Aceptar Horario Cocina: &#8211; Lunes a Jueves: 13-16h y 20-23h &#8211; Viernes y S\u00e1bados: 13-16h y 20-23:30h Aceptar Wifi Savatico: RED: SAVATICO CLIENTES PASSWORD:SAVATICOCLIENTES Aceptar Carta Coworking Hazte Miembro\" \/>\n<meta property=\"og:url\" content=\"https:\/\/www.savatico.es\/en\/coworking\/\" \/>\n<meta property=\"og:site_name\" content=\"SAVATICO\" \/>\n<meta property=\"article:modified_time\" content=\"2024-02-15T17:29:10+00:00\" \/>\n<meta property=\"og:image\" content=\"https:\/\/www.savatico.es\/wp-content\/uploads\/2023\/08\/plantas_1_1.svg\" \/>\n<meta name=\"twitter:card\" content=\"summary_large_image\" \/>\n<meta name=\"twitter:label1\" content=\"Estimated reading time\" \/>\n\t<meta name=\"twitter:data1\" content=\"2 minutes\" \/>\n<script type=\"application\/ld+json\" class=\"yoast-schema-graph\">{\"@context\":\"https:\\\/\\\/schema.org\",\"@graph\":[{\"@type\":\"WebPage\",\"@id\":\"https:\\\/\\\/www.savatico.es\\\/coworking\\\/\",\"url\":\"https:\\\/\\\/www.savatico.es\\\/coworking\\\/\",\"name\":\"Coworking - SAVATICO\",\"isPartOf\":{\"@id\":\"https:\\\/\\\/www.savatico.es\\\/#website\"},\"primaryImageOfPage\":{\"@id\":\"https:\\\/\\\/www.savatico.es\\\/coworking\\\/#primaryimage\"},\"image\":{\"@id\":\"https:\\\/\\\/www.savatico.es\\\/coworking\\\/#primaryimage\"},\"thumbnailUrl\":\"https:\\\/\\\/www.savatico.es\\\/wp-content\\\/uploads\\\/2023\\\/08\\\/plantas_1_1.svg\",\"datePublished\":\"2023-11-30T20:21:16+00:00\",\"dateModified\":\"2024-02-15T17:29:10+00:00\",\"breadcrumb\":{\"@id\":\"https:\\\/\\\/www.savatico.es\\\/coworking\\\/#breadcrumb\"},\"inLanguage\":\"en-GB\",\"potentialAction\":[{\"@type\":\"ReadAction\",\"target\":[\"https:\\\/\\\/www.savatico.es\\\/coworking\\\/\"]}]},{\"@type\":\"ImageObject\",\"inLanguage\":\"en-GB\",\"@id\":\"https:\\\/\\\/www.savatico.es\\\/coworking\\\/#primaryimage\",\"url\":\"https:\\\/\\\/www.savatico.es\\\/wp-content\\\/uploads\\\/2023\\\/08\\\/plantas_1_1.svg\",\"contentUrl\":\"https:\\\/\\\/www.savatico.es\\\/wp-content\\\/uploads\\\/2023\\\/08\\\/plantas_1_1.svg\"},{\"@type\":\"BreadcrumbList\",\"@id\":\"https:\\\/\\\/www.savatico.es\\\/coworking\\\/#breadcrumb\",\"itemListElement\":[{\"@type\":\"ListItem\",\"position\":1,\"name\":\"Portada\",\"item\":\"https:\\\/\\\/www.savatico.es\\\/\"},{\"@type\":\"ListItem\",\"position\":2,\"name\":\"Coworking\"}]},{\"@type\":\"WebSite\",\"@id\":\"https:\\\/\\\/www.savatico.es\\\/#website\",\"url\":\"https:\\\/\\\/www.savatico.es\\\/\",\"name\":\"SAVATICO\",\"description\":\"\",\"potentialAction\":[{\"@type\":\"SearchAction\",\"target\":{\"@type\":\"EntryPoint\",\"urlTemplate\":\"https:\\\/\\\/www.savatico.es\\\/?s={search_term_string}\"},\"query-input\":{\"@type\":\"PropertyValueSpecification\",\"valueRequired\":true,\"valueName\":\"search_term_string\"}}],\"inLanguage\":\"en-GB\"}]}<\/script>\n<!-- \/ Yoast SEO plugin. -->","yoast_head_json":{"title":"Coworking - SAVATICO","robots":{"index":"index","follow":"follow","max-snippet":"max-snippet:-1","max-image-preview":"max-image-preview:large","max-video-preview":"max-video-preview:-1"},"canonical":"https:\/\/www.savatico.es\/en\/coworking\/","og_locale":"en_GB","og_type":"article","og_title":"Coworking - SAVATICO","og_description":"Coworking Horario Coworking: &#8211; Lunes a Jueves:De 16:30h &#8211; 20:30h &#8211; Viernes y S\u00e1bados: 13-16h y 20-23:30h Aceptar Horario Cocina: &#8211; Lunes a Jueves: 13-16h y 20-23h &#8211; Viernes y S\u00e1bados: 13-16h y 20-23:30h Aceptar Horario Cocina: &#8211; Lunes a Jueves: 13-16h y 20-23h &#8211; Viernes y S\u00e1bados: 13-16h y 20-23:30h Aceptar Horario Cocina: &#8211; Lunes a Jueves: 13-16h y 20-23h &#8211; Viernes y S\u00e1bados: 13-16h y 20-23:30h Aceptar Horario Cocina: &#8211; Lunes a Jueves: 13-16h y 20-23h &#8211; Viernes y S\u00e1bados: 13-16h y 20-23:30h Aceptar Wifi Savatico: RED: SAVATICO CLIENTES PASSWORD:SAVATICOCLIENTES Aceptar Carta Coworking Hazte Miembro","og_url":"https:\/\/www.savatico.es\/en\/coworking\/","og_site_name":"SAVATICO","article_modified_time":"2024-02-15T17:29:10+00:00","og_image":[{"url":"https:\/\/www.savatico.es\/wp-content\/uploads\/2023\/08\/plantas_1_1.svg","type":"","width":"","height":""}],"twitter_card":"summary_large_image","twitter_misc":{"Estimated reading time":"2 minutes"},"schema":{"@context":"https:\/\/schema.org","@graph":[{"@type":"WebPage","@id":"https:\/\/www.savatico.es\/coworking\/","url":"https:\/\/www.savatico.es\/coworking\/","name":"Coworking - SAVATICO","isPartOf":{"@id":"https:\/\/www.savatico.es\/#website"},"primaryImageOfPage":{"@id":"https:\/\/www.savatico.es\/coworking\/#primaryimage"},"image":{"@id":"https:\/\/www.savatico.es\/coworking\/#primaryimage"},"thumbnailUrl":"https:\/\/www.savatico.es\/wp-content\/uploads\/2023\/08\/plantas_1_1.svg","datePublished":"2023-11-30T20:21:16+00:00","dateModified":"2024-02-15T17:29:10+00:00","breadcrumb":{"@id":"https:\/\/www.savatico.es\/coworking\/#breadcrumb"},"inLanguage":"en-GB","potentialAction":[{"@type":"ReadAction","target":["https:\/\/www.savatico.es\/coworking\/"]}]},{"@type":"ImageObject","inLanguage":"en-GB","@id":"https:\/\/www.savatico.es\/coworking\/#primaryimage","url":"https:\/\/www.savatico.es\/wp-content\/uploads\/2023\/08\/plantas_1_1.svg","contentUrl":"https:\/\/www.savatico.es\/wp-content\/uploads\/2023\/08\/plantas_1_1.svg"},{"@type":"BreadcrumbList","@id":"https:\/\/www.savatico.es\/coworking\/#breadcrumb","itemListElement":[{"@type":"ListItem","position":1,"name":"Portada","item":"https:\/\/www.savatico.es\/"},{"@type":"ListItem","position":2,"name":"Coworking"}]},{"@type":"WebSite","@id":"https:\/\/www.savatico.es\/#website","url":"https:\/\/www.savatico.es\/","name":"SAVATICO","description":"","potentialAction":[{"@type":"SearchAction","target":{"@type":"EntryPoint","urlTemplate":"https:\/\/www.savatico.es\/?s={search_term_string}"},"query-input":{"@type":"PropertyValueSpecification","valueRequired":true,"valueName":"search_term_string"}}],"inLanguage":"en-GB"}]}},"_links":{"self":[{"href":"https:\/\/www.savatico.es\/en\/wp-json\/wp\/v2\/pages\/546","targetHints":{"allow":["GET"]}}],"collection":[{"href":"https:\/\/www.savatico.es\/en\/wp-json\/wp\/v2\/pages"}],"about":[{"href":"https:\/\/www.savatico.es\/en\/wp-json\/wp\/v2\/types\/page"}],"author":[{"embeddable":true,"href":"https:\/\/www.savatico.es\/en\/wp-json\/wp\/v2\/users\/1"}],"replies":[{"embeddable":true,"href":"https:\/\/www.savatico.es\/en\/wp-json\/wp\/v2\/comments?post=546"}],"version-history":[{"count":50,"href":"https:\/\/www.savatico.es\/en\/wp-json\/wp\/v2\/pages\/546\/revisions"}],"predecessor-version":[{"id":697,"href":"https:\/\/www.savatico.es\/en\/wp-json\/wp\/v2\/pages\/546\/revisions\/697"}],"wp:attachment":[{"href":"https:\/\/www.savatico.es\/en\/wp-json\/wp\/v2\/media?parent=546"}],"curies":[{"name":"wp","href":"https:\/\/api.w.org\/{rel}","templated":true}]}}